{"id":778,"date":"2025-01-31T10:44:46","date_gmt":"2025-01-31T10:44:46","guid":{"rendered":"https:\/\/csiturkey.tr\/?page_id=778"},"modified":"2025-02-25T05:07:18","modified_gmt":"2025-02-25T05:07:18","slug":"faqs","status":"publish","type":"page","link":"https:\/\/csiturkey.tr\/tr\/faqs\/","title":{"rendered":"SSS"},"content":{"rendered":"<div data-elementor-type=\"wp-page\" data-elementor-id=\"778\" class=\"elementor elementor-778\">\n\t\t\t\t<div class=\"elementor-element elementor-element-672f8ce e-flex e-con-boxed e-con e-parent\" data-id=\"672f8ce\" data-element_type=\"container\" data-settings=\"{&quot;background_background&quot;:&quot;classic&quot;}\">\n\t\t\t\t\t<div class=\"e-con-inner\">\n\t\t<div class=\"elementor-element elementor-element-5de9277 e-con-full e-flex e-con e-child\" data-id=\"5de9277\" data-element_type=\"container\">\n\t\t\t\t<div class=\"elementor-element elementor-element-22676e3 elementor-widget elementor-widget-heading\" data-id=\"22676e3\" data-element_type=\"widget\" data-widget_type=\"heading.default\">\n\t\t\t\t<div class=\"elementor-widget-container\">\n\t\t\t\t\t<h6 class=\"elementor-heading-title elementor-size-default\">SSS<\/h6>\t\t\t\t<\/div>\n\t\t\t\t<\/div>\n\t\t\t\t<div class=\"elementor-element elementor-element-9a2343c elementor-widget elementor-widget-heading\" data-id=\"9a2343c\" data-element_type=\"widget\" data-widget_type=\"heading.default\">\n\t\t\t\t<div class=\"elementor-widget-container\">\n\t\t\t\t\t<h1 class=\"elementor-heading-title elementor-size-default\">Bug\u00fcn size nas\u0131l yard\u0131mc\u0131 olabiliriz?<\/h1>\t\t\t\t<\/div>\n\t\t\t\t<\/div>\n\t\t\t\t<\/div>\n\t\t\t\t\t<\/div>\n\t\t\t\t<\/div>\n\t\t<div class=\"elementor-element elementor-element-3746d112 e-flex e-con-boxed e-con e-parent\" data-id=\"3746d112\" data-element_type=\"container\">\n\t\t\t\t\t<div class=\"e-con-inner\">\n\t\t<div class=\"elementor-element elementor-element-6795547b e-flex e-con-boxed e-con e-child\" data-id=\"6795547b\" data-element_type=\"container\">\n\t\t\t\t\t<div class=\"e-con-inner\">\n\t\t\t\t<div class=\"elementor-element elementor-element-b663465 elementor-widget elementor-widget-heading\" data-id=\"b663465\" data-element_type=\"widget\" data-widget_type=\"heading.default\">\n\t\t\t\t<div class=\"elementor-widget-container\">\n\t\t\t\t\t<h2 class=\"elementor-heading-title elementor-size-default\">En \u00c7ok Sorulan Sorular\u0131n\u0131za Yan\u0131t Al\u0131n<\/h2>\t\t\t\t<\/div>\n\t\t\t\t<\/div>\n\t\t\t\t\t<\/div>\n\t\t\t\t<\/div>\n\t\t\t\t\t<\/div>\n\t\t\t\t<\/div>\n\t\t<div class=\"elementor-element elementor-element-32bccad e-flex e-con-boxed e-con e-parent\" data-id=\"32bccad\" data-element_type=\"container\">\n\t\t\t\t\t<div class=\"e-con-inner\">\n\t\t<div class=\"elementor-element elementor-element-a5531aa e-con-full e-flex e-con e-child\" data-id=\"a5531aa\" data-element_type=\"container\">\n\t\t\t\t<div class=\"elementor-element elementor-element-bcc0462 elementor-widget elementor-widget-image\" data-id=\"bcc0462\" data-element_type=\"widget\" data-widget_type=\"image.default\">\n\t\t\t\t<div class=\"elementor-widget-container\">\n\t\t\t\t\t\t\t\t\t\t\t\t\t\t\t<img fetchpriority=\"high\" decoding=\"async\" width=\"1101\" height=\"917\" src=\"https:\/\/csiturkey.tr\/wp-content\/uploads\/2025\/02\/woman-looking-tube-medium-shot.png\" class=\"attachment-full size-full wp-image-1527\" alt=\"\" srcset=\"https:\/\/csiturkey.tr\/wp-content\/uploads\/2025\/02\/woman-looking-tube-medium-shot.png 1101w, https:\/\/csiturkey.tr\/wp-content\/uploads\/2025\/02\/woman-looking-tube-medium-shot-300x250.png 300w, https:\/\/csiturkey.tr\/wp-content\/uploads\/2025\/02\/woman-looking-tube-medium-shot-1024x853.png 1024w, https:\/\/csiturkey.tr\/wp-content\/uploads\/2025\/02\/woman-looking-tube-medium-shot-768x640.png 768w\" sizes=\"(max-width: 1101px) 100vw, 1101px\" \/>\t\t\t\t\t\t\t\t\t\t\t\t\t\t\t<\/div>\n\t\t\t\t<\/div>\n\t\t\t\t<\/div>\n\t\t<div class=\"elementor-element elementor-element-79958c6 e-con-full e-flex e-con e-child\" data-id=\"79958c6\" data-element_type=\"container\">\n\t\t\t\t<div class=\"elementor-element elementor-element-7779e79 elementor-widget__width-initial elementor-widget-mobile__width-inherit elementor-widget elementor-widget-elementskit-accordion\" data-id=\"7779e79\" data-element_type=\"widget\" data-widget_type=\"elementskit-accordion.default\">\n\t\t\t\t<div class=\"elementor-widget-container\">\n\t\t\t\t\t<div class=\"ekit-wid-con\" >\n        <div class=\"elementskit-accordion accoedion-primary\" id=\"accordion-69dd94448937e\">\n\n            \n                <div class=\"elementskit-card active\">\n                    <div class=\"elementskit-card-header\" id=\"primaryHeading-0-7779e79\">\n                        <a href=\"#collapse-3c67cce69dd94448937e\" class=\"ekit-accordion--toggler elementskit-btn-link collapsed\" data-ekit-toggle=\"collapse\" data-target=\"#Collapse-3c67cce69dd94448937e\" aria-expanded=\"true\" aria-controls=\"Collapse-3c67cce69dd94448937e\">\n                            \n                            <span class=\"ekit-accordion-title\">Ne t\u00fcr farmas\u00f6tik \u00fcr\u00fcnler sunuyorsunuz?<\/span>\n\n                            \n                                <div class=\"ekit_accordion_icon_group\">\n                                    <div class=\"ekit_accordion_normal_icon\">\n                                        <!-- Normal Icon -->\n\t\t\t\t\t\t\t\t\t\t<i class=\"icofont icofont-circled-down\"><\/i>                                    <\/div>\n\n                                    <div class=\"ekit_accordion_active_icon\">\n                                        <!-- Active Icon -->\n\t\t\t\t\t\t\t\t\t\t<i class=\"icofont icofont-circled-up\"><\/i>                                    <\/div>\n                                <\/div>\n\n                            \n                                                    <\/a>\n                    <\/div>\n\n                    <div id=\"Collapse-3c67cce69dd94448937e\" class=\"show collapse\" aria-labelledby=\"primaryHeading-0-7779e79\" data-parent=\"#accordion-69dd94448937e\">\n\n                        <div class=\"elementskit-card-body ekit-accordion--content\">\n                            <p>Re\u00e7eteli ila\u00e7lar, re\u00e7etesiz sat\u0131lan ila\u00e7lar, a\u015f\u0131lar ve t\u0131bbi malzemeler dahil olmak \u00fczere kapsaml\u0131 bir farmas\u00f6tik \u00fcr\u00fcn yelpazesi sunuyoruz. \u00c7ok \u00e7e\u015fitli katalo\u011fumuz sa\u011fl\u0131k hizmeti sa\u011flay\u0131c\u0131lar\u0131n\u0131n, eczanelerin ve di\u011fer t\u0131bbi kurumlar\u0131n ihtiya\u00e7lar\u0131n\u0131 kar\u015f\u0131lamaktad\u0131r.<\/p>                        <\/div>\n\n                    <\/div>\n\n                <\/div><!-- .elementskit-card END -->\n\n                \n                <div class=\"elementskit-card\">\n                    <div class=\"elementskit-card-header\" id=\"primaryHeading-1-7779e79\">\n                        <a href=\"#collapse-6c3161069dd94448937e\" class=\"ekit-accordion--toggler elementskit-btn-link collapsed\" data-ekit-toggle=\"collapse\" data-target=\"#Collapse-6c3161069dd94448937e\" aria-expanded=\"false\" aria-controls=\"Collapse-6c3161069dd94448937e\">\n                            \n                            <span class=\"ekit-accordion-title\">\u015eirketinizle i\u015f yapmaya nas\u0131l ba\u015flayabilirim?<\/span>\n\n                            \n                                <div class=\"ekit_accordion_icon_group\">\n                                    <div class=\"ekit_accordion_normal_icon\">\n                                        <!-- Normal Icon -->\n\t\t\t\t\t\t\t\t\t\t<i class=\"icofont icofont-circled-down\"><\/i>                                    <\/div>\n\n                                    <div class=\"ekit_accordion_active_icon\">\n                                        <!-- Active Icon -->\n\t\t\t\t\t\t\t\t\t\t<i class=\"icofont icofont-circled-up\"><\/i>                                    <\/div>\n                                <\/div>\n\n                            \n                                                    <\/a>\n                    <\/div>\n\n                    <div id=\"Collapse-6c3161069dd94448937e\" class=\"collapse\" aria-labelledby=\"primaryHeading-1-7779e79\" data-parent=\"#accordion-69dd94448937e\">\n\n                        <div class=\"elementskit-card-body ekit-accordion--content\">\n                            <p>Ba\u015flamak i\u00e7in l\u00fctfen web sitemizi ziyaret edin ve kay\u0131t formunu doldurun. Ekibimiz, gerekli dok\u00fcmantasyon ve uygunluk kontrollerini i\u00e7eren i\u015fe al\u0131m s\u00fcrecinde size rehberlik edecektir. Onayland\u0131ktan sonra toptan ila\u00e7 hizmetlerimize eri\u015fmeye ba\u015flayabilirsiniz.<\/p>                        <\/div>\n\n                    <\/div>\n\n                <\/div><!-- .elementskit-card END -->\n\n                \n                <div class=\"elementskit-card\">\n                    <div class=\"elementskit-card-header\" id=\"primaryHeading-2-7779e79\">\n                        <a href=\"#collapse-a089c1e69dd94448937e\" class=\"ekit-accordion--toggler elementskit-btn-link collapsed\" data-ekit-toggle=\"collapse\" data-target=\"#Collapse-a089c1e69dd94448937e\" aria-expanded=\"false\" aria-controls=\"Collapse-a089c1e69dd94448937e\">\n                            \n                            <span class=\"ekit-accordion-title\">\u015eirketiniz i\u015fletmem i\u00e7in mevzuata uygunluk konusunda yard\u0131mc\u0131 olabilir mi?<\/span>\n\n                            \n                                <div class=\"ekit_accordion_icon_group\">\n                                    <div class=\"ekit_accordion_normal_icon\">\n                                        <!-- Normal Icon -->\n\t\t\t\t\t\t\t\t\t\t<i class=\"icofont icofont-circled-down\"><\/i>                                    <\/div>\n\n                                    <div class=\"ekit_accordion_active_icon\">\n                                        <!-- Active Icon -->\n\t\t\t\t\t\t\t\t\t\t<i class=\"icofont icofont-circled-up\"><\/i>                                    <\/div>\n                                <\/div>\n\n                            \n                                                    <\/a>\n                    <\/div>\n\n                    <div id=\"Collapse-a089c1e69dd94448937e\" class=\"collapse\" aria-labelledby=\"primaryHeading-2-7779e79\" data-parent=\"#accordion-69dd94448937e\">\n\n                        <div class=\"elementskit-card-body ekit-accordion--content\">\n                            <p>Evet, CSi T\u00fcrkiye ila\u00e7 end\u00fcstrisinde mevzuata uyumun \u00f6neminin fark\u0131ndad\u0131r. Ekibimiz end\u00fcstri y\u00f6netmeliklerini iyi bilmektedir ve i\u015fletmenizin gerekli t\u00fcm yasal standartlar\u0131 kar\u015f\u0131lamas\u0131n\u0131 sa\u011flamak i\u00e7in rehberlik sa\u011flayabilir. Ortaklar\u0131m\u0131z i\u00e7in uyumluluk s\u00fcrecini m\u00fcmk\u00fcn oldu\u011funca sorunsuz hale getirmeyi ama\u00e7l\u0131yoruz.<\/p>                        <\/div>\n\n                    <\/div>\n\n                <\/div><!-- .elementskit-card END -->\n\n                \n                <div class=\"elementskit-card\">\n                    <div class=\"elementskit-card-header\" id=\"primaryHeading-3-7779e79\">\n                        <a href=\"#collapse-ca7812169dd94448937e\" class=\"ekit-accordion--toggler elementskit-btn-link collapsed\" data-ekit-toggle=\"collapse\" data-target=\"#Collapse-ca7812169dd94448937e\" aria-expanded=\"false\" aria-controls=\"Collapse-ca7812169dd94448937e\">\n                            \n                            <span class=\"ekit-accordion-title\">Nakliye ve lojistik i\u015flerini nas\u0131l hallediyorsunuz?<\/span>\n\n                            \n                                <div class=\"ekit_accordion_icon_group\">\n                                    <div class=\"ekit_accordion_normal_icon\">\n                                        <!-- Normal Icon -->\n\t\t\t\t\t\t\t\t\t\t<i class=\"icofont icofont-circled-down\"><\/i>                                    <\/div>\n\n                                    <div class=\"ekit_accordion_active_icon\">\n                                        <!-- Active Icon -->\n\t\t\t\t\t\t\t\t\t\t<i class=\"icofont icofont-circled-up\"><\/i>                                    <\/div>\n                                <\/div>\n\n                            \n                                                    <\/a>\n                    <\/div>\n\n                    <div id=\"Collapse-ca7812169dd94448937e\" class=\"collapse\" aria-labelledby=\"primaryHeading-3-7779e79\" data-parent=\"#accordion-69dd94448937e\">\n\n                        <div class=\"elementskit-card-body ekit-accordion--content\">\n                            <p>CSi T\u00fcrkiye, zaman\u0131nda ve g\u00fcvenli teslimatlar sa\u011flamak i\u00e7in k\u00f6kl\u00fc bir da\u011f\u0131t\u0131m a\u011f\u0131na sahiptir. Nakliye s\u00fcrecini kolayla\u015ft\u0131rmak i\u00e7in g\u00fcvenilir lojistik ortaklar\u0131yla \u00e7al\u0131\u015f\u0131yoruz. Etkin da\u011f\u0131t\u0131m sistemimiz minimum<\/p>                        <\/div>\n\n                    <\/div>\n\n                <\/div><!-- .elementskit-card END -->\n\n                                        <\/div>\n    <\/div>\t\t\t\t<\/div>\n\t\t\t\t<\/div>\n\t\t\t\t<\/div>\n\t\t\t\t\t<\/div>\n\t\t\t\t<\/div>\n\t\t\t\t<\/div>","protected":false},"excerpt":{"rendered":"<p>SSS Bug\u00fcn size nas\u0131l yard\u0131mc\u0131 olabiliriz? En \u00c7ok Sorulan Sorular\u0131n\u0131za Yan\u0131t Al\u0131n Ne t\u00fcr farmas\u00f6tik \u00fcr\u00fcnler sunuyorsunuz? Re\u00e7eteli ila\u00e7lar, re\u00e7etesiz sat\u0131lan ila\u00e7lar, a\u015f\u0131lar ve t\u0131bbi malzemeler dahil olmak \u00fczere kapsaml\u0131 bir farmas\u00f6tik \u00fcr\u00fcn yelpazesi sunuyoruz. \u00c7ok \u00e7e\u015fitli katalo\u011fumuz sa\u011fl\u0131k hizmeti sa\u011flay\u0131c\u0131lar\u0131n\u0131n, eczanelerin ve di\u011fer t\u0131bbi kurumlar\u0131n ihtiya\u00e7lar\u0131n\u0131 kar\u015f\u0131lamaktad\u0131r. [...]<\/p>","protected":false},"author":1,"featured_media":0,"parent":0,"menu_order":0,"comment_status":"closed","ping_status":"closed","template":"","meta":{"pagelayer_contact_templates":[],"_pagelayer_content":"","footnotes":""},"class_list":["post-778","page","type-page","status-publish","hentry"],"_links":{"self":[{"href":"https:\/\/csiturkey.tr\/tr\/wp-json\/wp\/v2\/pages\/778","targetHints":{"allow":["GET"]}}],"collection":[{"href":"https:\/\/csiturkey.tr\/tr\/wp-json\/wp\/v2\/pages"}],"about":[{"href":"https:\/\/csiturkey.tr\/tr\/wp-json\/wp\/v2\/types\/page"}],"author":[{"embeddable":true,"href":"https:\/\/csiturkey.tr\/tr\/wp-json\/wp\/v2\/users\/1"}],"replies":[{"embeddable":true,"href":"https:\/\/csiturkey.tr\/tr\/wp-json\/wp\/v2\/comments?post=778"}],"version-history":[{"count":67,"href":"https:\/\/csiturkey.tr\/tr\/wp-json\/wp\/v2\/pages\/778\/revisions"}],"predecessor-version":[{"id":2348,"href":"https:\/\/csiturkey.tr\/tr\/wp-json\/wp\/v2\/pages\/778\/revisions\/2348"}],"wp:attachment":[{"href":"https:\/\/csiturkey.tr\/tr\/wp-json\/wp\/v2\/media?parent=778"}],"curies":[{"name":"wp","href":"https:\/\/api.w.org\/{rel}","templated":true}]}}