{"id":1923,"date":"2025-02-21T12:06:21","date_gmt":"2025-02-21T12:06:21","guid":{"rendered":"https:\/\/csiturkey.tr\/disclaimer\/"},"modified":"2025-02-24T09:35:02","modified_gmt":"2025-02-24T09:35:02","slug":"disclaimer","status":"publish","type":"page","link":"https:\/\/csiturkey.tr\/tr\/disclaimer\/","title":{"rendered":"Sorumluluk Reddi"},"content":{"rendered":"<div data-elementor-type=\"wp-page\" data-elementor-id=\"1923\" class=\"elementor elementor-1923\">\n\t\t\t\t<div class=\"elementor-element elementor-element-2599fc95 e-flex e-con-boxed e-con e-parent\" data-id=\"2599fc95\" data-element_type=\"container\">\n\t\t\t\t\t<div class=\"e-con-inner\">\n\t\t\t\t<div class=\"elementor-element elementor-element-8977a4f elementor-widget elementor-widget-heading\" data-id=\"8977a4f\" data-element_type=\"widget\" data-widget_type=\"heading.default\">\n\t\t\t\t<div class=\"elementor-widget-container\">\n\t\t\t\t\t<h2 class=\"elementor-heading-title elementor-size-default\">Sorumluluk Reddi<\/h2>\t\t\t\t<\/div>\n\t\t\t\t<\/div>\n\t\t\t\t<div class=\"elementor-element elementor-element-467a72e2 elementor-widget elementor-widget-shortcode\" data-id=\"467a72e2\" data-element_type=\"widget\" data-widget_type=\"shortcode.default\">\n\t\t\t\t<div class=\"elementor-widget-container\">\n\t\t\t\t\t\t\t<div class=\"elementor-shortcode\">\n<!-- Legal document generated by Complianz | GDPR\/CCPA Cookie Consent https:\/\/wordpress.org\/plugins\/complianz-gdpr -->\n<div id=\"cmplz-document\" class=\"cmplz-document disclaimer cmplz-document-all\"><p>CSI TURKEY SA\u011eLIK \u00dcR\u00dcNLER\u0130 T\u0130CARET ANON\u0130M \u015e\u0130RKET\u0130, bu web sitesini g\u00fcncel ve do\u011fru tutmay\u0131 taahh\u00fct eder. Yine de yanl\u0131\u015f veya g\u00fcncel olmayan bir \u015feyle kar\u015f\u0131la\u015f\u0131rsan\u0131z, bize bildirirseniz memnun oluruz. L\u00fctfen web sitesinde bilgileri nerede okudu\u011funuzu belirtin. Daha sonra buna en k\u0131sa zamanda bakaca\u011f\u0131z. L\u00fctfen yan\u0131t\u0131n\u0131z\u0131 e-posta ile \u015fu adrese g\u00f6nderin: info@csinterpharm.ae.<\/p><p>Yanl\u0131\u015fl\u0131klar\u0131n veya eksikli\u011fin bir sonucu olarak kay\u0131ptan veya kesintilerden veya kesintiler gibi bilgilerin internet yoluyla yay\u0131lmas\u0131ndan kaynaklanan veya bunun do\u011fas\u0131nda var olan sorunlardan kaynaklanan kay\u0131plardan sorumlu de\u011filiz. Web formlar\u0131n\u0131 kullan\u0131rken, gerekli alan say\u0131s\u0131n\u0131 en aza indirmeye \u00e7al\u0131\u015f\u0131yoruz. CSI TURKEY SA\u00ffLIK \u00dcR\u00dcNLER\u00ff T\u00ffCARET ANON\u00ffM \u00ff\u00ffRKET taraf\u0131ndan veya bu web sitesi arac\u0131l\u0131\u011f\u0131yla sa\u011flanan veri, \u00f6neri veya fikirlerin kullan\u0131m\u0131ndan kaynaklanan herhangi bir kay\u0131p i\u00e7in, CSI TURKEY SA\u00ffLIK \u00dcR\u00dcNLER\u00ff T\u00ffCARET ANON\u00ffM \u00ff\u00ffRKET herhangi bir sorumluluk kabul etmez.<\/p><p>Yan\u0131t\u0131n\u0131z veya bilgi talebiniz ba\u011flam\u0131nda bize sa\u011flad\u0131\u011f\u0131n\u0131z ki\u015fisel veriler yaln\u0131zca gizlilik bildirimimize uygun olarak kullan\u0131lacakt\u0131r.<\/p><p>CSI TURKEY SA\u00ffLIK \u00dcR\u00dcNLER\u00ff T\u00ffCARET ANON\u00ffM \u00ff\u00ffRKET, sistemlerini her t\u00fcrl\u00fc yasa d\u0131\u015f\u0131 kullan\u0131ma kar\u015f\u0131 korumak i\u00e7in her t\u00fcrl\u00fc makul \u00e7abay\u0131 g\u00f6sterecektir. CSI TURKEY SA\u00ffLIK \u00dcR\u00dcNLER\u00ff T\u00ffCARET ANON\u00ffM \u00ff\u00ffRKET bu ama\u00e7la, di\u011fer hususlar\u0131n yan\u0131 s\u0131ra teknolojinin geldi\u011fi noktay\u0131 da dikkate alarak uygun teknik ve organizasyonel \u00f6nlemleri alacakt\u0131r. Bununla birlikte, web sitesinin bir kullan\u0131c\u0131s\u0131 taraf\u0131ndan u\u011fran\u0131lan ve sistemlerinin \u00fc\u00e7\u00fcnc\u00fc bir taraf\u00e7a yasa d\u0131\u015f\u0131 kullan\u0131m\u0131n\u0131n bir sonucu olarak ortaya \u00e7\u0131kan do\u011frudan ve\/veya dolayl\u0131 herhangi bir zarardan sorumlu olmayacakt\u0131r.<\/p><p>CSI TURKEY SA\u00ffLIK \u00dcR\u00dcNLER\u00ff T\u00ffCARET ANON\u00ffM \u00ff\u00ffRKET, hiperlink veya ba\u015fka bir referans\u0131n yap\u0131ld\u0131\u011f\u0131 veya g\u00f6nderildi\u011fi web sitelerinin i\u00e7eri\u011fi i\u00e7in hi\u00e7bir sorumluluk kabul etmez. \u00dc\u00e7\u00fcnc\u00fc taraflarca sunulan \u00fcr\u00fcn veya hizmetler, bu \u00fc\u00e7\u00fcnc\u00fc taraflar\u0131n ge\u00e7erli h\u00fck\u00fcm ve ko\u015fullar\u0131na tabidir.<\/p><p>Bu web sitesindeki i\u00e7eri\u011fe ili\u015fkin t\u00fcm fikri m\u00fclkiyet haklar\u0131 CSI TURKEY SA\u00ffLIK \u00dcR\u00dcNLER\u00ff T\u00ffCARET ANON\u00ffM \u00ff\u00ffRKET olarak verilmi\u015ftir.<\/p><p>Bu materyallerin kopyalanmas\u0131na, yay\u0131lmas\u0131na ve ba\u015fka herhangi bir \u015fekilde kullan\u0131lmas\u0131na izin verilmez, ancak belirli i\u00e7erik aksini belirtmedik\u00e7e zorunlu yasa d\u00fczenlemelerinde (al\u0131nt\u0131 yapma hakk\u0131 gibi) aksi belirtilmedik\u00e7e ve CSI TURKEY SA\u00ffLIK \u00dcR\u00dcNLER\u00ff T\u00ffCARET ANON\u00ffM \u00ff\u00ffRKET yaz\u0131l\u0131 izni olmadan izin verilmez.<\/p><p>Web sitelerinin eri\u015filebilirli\u011fi ile ilgili herhangi bir sorunuz veya sorununuz varsa, l\u00fctfen bizimle ileti\u015fime ge\u00e7mekten \u00e7ekinmeyin.<\/p><\/div><\/div>\n\t\t\t\t\t\t<\/div>\n\t\t\t\t<\/div>\n\t\t\t\t\t<\/div>\n\t\t\t\t<\/div>\n\t\t\t\t<\/div>","protected":false},"excerpt":{"rendered":"<p>Sorumluluk Reddi<\/p>","protected":false},"author":1,"featured_media":0,"parent":0,"menu_order":0,"comment_status":"closed","ping_status":"closed","template":"","meta":{"pagelayer_contact_templates":[],"_pagelayer_content":"","footnotes":""},"class_list":["post-1923","page","type-page","status-publish","hentry"],"_links":{"self":[{"href":"https:\/\/csiturkey.tr\/tr\/wp-json\/wp\/v2\/pages\/1923","targetHints":{"allow":["GET"]}}],"collection":[{"href":"https:\/\/csiturkey.tr\/tr\/wp-json\/wp\/v2\/pages"}],"about":[{"href":"https:\/\/csiturkey.tr\/tr\/wp-json\/wp\/v2\/types\/page"}],"author":[{"embeddable":true,"href":"https:\/\/csiturkey.tr\/tr\/wp-json\/wp\/v2\/users\/1"}],"replies":[{"embeddable":true,"href":"https:\/\/csiturkey.tr\/tr\/wp-json\/wp\/v2\/comments?post=1923"}],"version-history":[{"count":3,"href":"https:\/\/csiturkey.tr\/tr\/wp-json\/wp\/v2\/pages\/1923\/revisions"}],"predecessor-version":[{"id":2271,"href":"https:\/\/csiturkey.tr\/tr\/wp-json\/wp\/v2\/pages\/1923\/revisions\/2271"}],"wp:attachment":[{"href":"https:\/\/csiturkey.tr\/tr\/wp-json\/wp\/v2\/media?parent=1923"}],"curies":[{"name":"wp","href":"https:\/\/api.w.org\/{rel}","templated":true}]}}