{"id":1922,"date":"2025-02-21T12:06:21","date_gmt":"2025-02-21T12:06:21","guid":{"rendered":"https:\/\/csiturkey.tr\/imprint\/"},"modified":"2025-02-24T09:36:05","modified_gmt":"2025-02-24T09:36:05","slug":"imprint","status":"publish","type":"page","link":"https:\/\/csiturkey.tr\/tr\/imprint\/","title":{"rendered":"K\u00fcnye"},"content":{"rendered":"<div data-elementor-type=\"wp-page\" data-elementor-id=\"1922\" class=\"elementor elementor-1922\">\n\t\t\t\t<div class=\"elementor-element elementor-element-48899922 e-flex e-con-boxed e-con e-parent\" data-id=\"48899922\" data-element_type=\"container\">\n\t\t\t\t\t<div class=\"e-con-inner\">\n\t\t\t\t<div class=\"elementor-element elementor-element-f6a90fe elementor-widget elementor-widget-heading\" data-id=\"f6a90fe\" data-element_type=\"widget\" data-widget_type=\"heading.default\">\n\t\t\t\t<div class=\"elementor-widget-container\">\n\t\t\t\t\t<h2 class=\"elementor-heading-title elementor-size-default\">K\u00fcnye<\/h2>\t\t\t\t<\/div>\n\t\t\t\t<\/div>\n\t\t\t\t<div class=\"elementor-element elementor-element-8305b94 elementor-widget elementor-widget-shortcode\" data-id=\"8305b94\" data-element_type=\"widget\" data-widget_type=\"shortcode.default\">\n\t\t\t\t<div class=\"elementor-widget-container\">\n\t\t\t\t\t\t\t<div class=\"elementor-shortcode\">\n<!-- Legal document generated by Complianz | GDPR\/CCPA Cookie Consent https:\/\/wordpress.org\/plugins\/complianz-gdpr -->\n<div id=\"cmplz-document\" class=\"cmplz-document impressum cmplz-document-all\"><p><i>Bu k\u00fcnye son olarak 13 A\u011fustos 2025 tarihinde g\u00fcncellenmi\u015ftir.<\/i><\/p><p class=\"cmplz-subtitle\">Bu web sitesinin sahibi:<\/p><p>CSI T\u00dcRK\u0130YE SA\u00ffLIK \u00dcR\u00dcNLER\u00ff T\u00ffCARET ANON\u00ffM \u00ff\u00ffRKET <br>MASLAK MAH. MASLAK MEYDAN SK. VEKO GIZ PLAZA NO: 3 \u00ff\u00c7 KAPI NO: 85 <br \/>\nSARIYER \/ \u00ff\u0130STANBUL<br>T\u00fcrkiye<br>E-posta: Info@csinterpharm.ae<br>Telefon numaras\u0131: +97145596268<br><\/p><p class=\"cmplz-subtitle\">CSI TURKEY SA\u00ffLIK \u00dcR\u00dcNLER\u00ff T\u00ffCARET ANON\u00ffM \u00ff\u00ffRKET'in yasal temsilci(ler)i:<\/p><p>Mohammad EsSayed<\/p><h2>1. Genel<\/h2><p>Bir t\u00fcketici hakem heyeti nezdinde uyu\u015fmazl\u0131k \u00e7\u00f6z\u00fcm prosed\u00fcrlerine kat\u0131lmaya istekli veya y\u00fck\u00fcml\u00fc de\u011filiz.<\/p><\/div><\/div>\n\t\t\t\t\t\t<\/div>\n\t\t\t\t<\/div>\n\t\t\t\t\t<\/div>\n\t\t\t\t<\/div>\n\t\t\t\t<\/div>","protected":false},"excerpt":{"rendered":"<p>K\u00fcnye<\/p>","protected":false},"author":1,"featured_media":0,"parent":0,"menu_order":0,"comment_status":"closed","ping_status":"closed","template":"","meta":{"pagelayer_contact_templates":[],"_pagelayer_content":"","footnotes":""},"class_list":["post-1922","page","type-page","status-publish","hentry"],"_links":{"self":[{"href":"https:\/\/csiturkey.tr\/tr\/wp-json\/wp\/v2\/pages\/1922","targetHints":{"allow":["GET"]}}],"collection":[{"href":"https:\/\/csiturkey.tr\/tr\/wp-json\/wp\/v2\/pages"}],"about":[{"href":"https:\/\/csiturkey.tr\/tr\/wp-json\/wp\/v2\/types\/page"}],"author":[{"embeddable":true,"href":"https:\/\/csiturkey.tr\/tr\/wp-json\/wp\/v2\/users\/1"}],"replies":[{"embeddable":true,"href":"https:\/\/csiturkey.tr\/tr\/wp-json\/wp\/v2\/comments?post=1922"}],"version-history":[{"count":3,"href":"https:\/\/csiturkey.tr\/tr\/wp-json\/wp\/v2\/pages\/1922\/revisions"}],"predecessor-version":[{"id":2274,"href":"https:\/\/csiturkey.tr\/tr\/wp-json\/wp\/v2\/pages\/1922\/revisions\/2274"}],"wp:attachment":[{"href":"https:\/\/csiturkey.tr\/tr\/wp-json\/wp\/v2\/media?parent=1922"}],"curies":[{"name":"wp","href":"https:\/\/api.w.org\/{rel}","templated":true}]}}