{"id":1922,"date":"2025-02-21T12:06:21","date_gmt":"2025-02-21T12:06:21","guid":{"rendered":"https:\/\/csiturkey.tr\/imprint\/"},"modified":"2025-02-24T09:36:05","modified_gmt":"2025-02-24T09:36:05","slug":"imprint","status":"publish","type":"page","link":"https:\/\/csiturkey.tr\/en\/imprint\/","title":{"rendered":"Imprint"},"content":{"rendered":"\t\t<div data-elementor-type=\"wp-page\" data-elementor-id=\"1922\" class=\"elementor elementor-1922\">\n\t\t\t\t<div class=\"elementor-element elementor-element-48899922 e-flex e-con-boxed e-con e-parent\" data-id=\"48899922\" data-element_type=\"container\">\n\t\t\t\t\t<div class=\"e-con-inner\">\n\t\t\t\t<div class=\"elementor-element elementor-element-f6a90fe elementor-widget elementor-widget-heading\" data-id=\"f6a90fe\" data-element_type=\"widget\" data-widget_type=\"heading.default\">\n\t\t\t\t<div class=\"elementor-widget-container\">\n\t\t\t\t\t<h2 class=\"elementor-heading-title elementor-size-default\">Imprint<\/h2>\t\t\t\t<\/div>\n\t\t\t\t<\/div>\n\t\t\t\t<div class=\"elementor-element elementor-element-8305b94 elementor-widget elementor-widget-shortcode\" data-id=\"8305b94\" data-element_type=\"widget\" data-widget_type=\"shortcode.default\">\n\t\t\t\t<div class=\"elementor-widget-container\">\n\t\t\t\t\t\t\t<div class=\"elementor-shortcode\">\n<!-- Legal document generated by Complianz | GDPR\/CCPA Cookie Consent https:\/\/wordpress.org\/plugins\/complianz-gdpr -->\n<div id=\"cmplz-document\" class=\"cmplz-document impressum cmplz-document-all\"><p><i>This imprint was last updated on August 13, 2025.<\/i><\/p><p class=\"cmplz-subtitle\">The owner of this website is:<\/p><p>CSI TURKEY SA\u00ffLIK \u00dcR\u00dcNLER\u00ff T\u00ffCARET ANON\u00ffM \u00ff\u00ffRKET <br>MASLAK MAH. MASLAK MEYDAN SK. VEKO GIZ PLAZA NO: 3 \u00ff\u00c7 KAPI NO: 85 <br \/>\nSARIYER \/ \u00ffSTANBUL<br>Turkey<br>Email:&nbsp;&#073;&#110;fo&#064;&#099;s&#105;nt&#101;rph&#097;&#114;m.&#097;&#101;<br>Phone number: +97145596268<br><\/p><p class=\"cmplz-subtitle\">The legal representative(s) of CSI TURKEY SA\u00ffLIK \u00dcR\u00dcNLER\u00ff T\u00ffCARET ANON\u00ffM \u00ff\u00ffRKET :<\/p><p>Mohammad EsSayed<\/p><h2>1. General<\/h2><p>We are not willing or obliged to participate in dispute resolution procedures before a consumer arbitration board.<\/p><\/div><\/div>\n\t\t\t\t\t\t<\/div>\n\t\t\t\t<\/div>\n\t\t\t\t\t<\/div>\n\t\t\t\t<\/div>\n\t\t\t\t<\/div>\n\t\t","protected":false},"excerpt":{"rendered":"<p>Imprint<\/p>\n","protected":false},"author":1,"featured_media":0,"parent":0,"menu_order":0,"comment_status":"closed","ping_status":"closed","template":"","meta":{"pagelayer_contact_templates":[],"_pagelayer_content":"","footnotes":""},"class_list":["post-1922","page","type-page","status-publish","hentry"],"_links":{"self":[{"href":"https:\/\/csiturkey.tr\/en\/wp-json\/wp\/v2\/pages\/1922","targetHints":{"allow":["GET"]}}],"collection":[{"href":"https:\/\/csiturkey.tr\/en\/wp-json\/wp\/v2\/pages"}],"about":[{"href":"https:\/\/csiturkey.tr\/en\/wp-json\/wp\/v2\/types\/page"}],"author":[{"embeddable":true,"href":"https:\/\/csiturkey.tr\/en\/wp-json\/wp\/v2\/users\/1"}],"replies":[{"embeddable":true,"href":"https:\/\/csiturkey.tr\/en\/wp-json\/wp\/v2\/comments?post=1922"}],"version-history":[{"count":3,"href":"https:\/\/csiturkey.tr\/en\/wp-json\/wp\/v2\/pages\/1922\/revisions"}],"predecessor-version":[{"id":2274,"href":"https:\/\/csiturkey.tr\/en\/wp-json\/wp\/v2\/pages\/1922\/revisions\/2274"}],"wp:attachment":[{"href":"https:\/\/csiturkey.tr\/en\/wp-json\/wp\/v2\/media?parent=1922"}],"curies":[{"name":"wp","href":"https:\/\/api.w.org\/{rel}","templated":true}]}}