{"id":794,"date":"2025-01-31T10:47:41","date_gmt":"2025-01-31T10:47:41","guid":{"rendered":"https:\/\/csiturkey.tr\/?page_id=794"},"modified":"2025-02-24T09:29:21","modified_gmt":"2025-02-24T09:29:21","slug":"media-center","status":"publish","type":"page","link":"http:\/\/csiturkey.tr\/tr\/media-center\/","title":{"rendered":"Medya Merkezi"},"content":{"rendered":"<div data-elementor-type=\"wp-page\" data-elementor-id=\"794\" class=\"elementor elementor-794\">\n\t\t\t\t<div class=\"elementor-element elementor-element-4ca9524 e-flex e-con-boxed e-con e-parent\" data-id=\"4ca9524\" data-element_type=\"container\" data-settings=\"{&quot;background_background&quot;:&quot;classic&quot;}\">\n\t\t\t\t\t<div class=\"e-con-inner\">\n\t\t<div class=\"elementor-element elementor-element-42906a1 e-con-full e-flex e-con e-child\" data-id=\"42906a1\" data-element_type=\"container\">\n\t\t\t\t<div class=\"elementor-element elementor-element-8c9d9b0 elementor-widget elementor-widget-heading\" data-id=\"8c9d9b0\" data-element_type=\"widget\" data-widget_type=\"heading.default\">\n\t\t\t\t<div class=\"elementor-widget-container\">\n\t\t\t\t\t<h6 class=\"elementor-heading-title elementor-size-default\">Medya Merkezi<\/h6>\t\t\t\t<\/div>\n\t\t\t\t<\/div>\n\t\t\t\t<div class=\"elementor-element elementor-element-cebc480 elementor-widget elementor-widget-heading\" data-id=\"cebc480\" data-element_type=\"widget\" data-widget_type=\"heading.default\">\n\t\t\t\t<div class=\"elementor-widget-container\">\n\t\t\t\t\t<h1 class=\"elementor-heading-title elementor-size-default\">\u0130htiya\u00e7lar\u0131n\u0131z ve Sa\u011fl\u0131\u011f\u0131n\u0131z i\u00e7in Uzman \u00c7\u00f6z\u00fcmler.<\/h1>\t\t\t\t<\/div>\n\t\t\t\t<\/div>\n\t\t\t\t<\/div>\n\t\t\t\t\t<\/div>\n\t\t\t\t<\/div>\n\t\t<div class=\"elementor-element elementor-element-253cdba e-flex e-con-boxed e-con e-parent\" data-id=\"253cdba\" data-element_type=\"container\">\n\t\t\t\t\t<div class=\"e-con-inner\">\n\t\t\t\t<div class=\"elementor-element elementor-element-72dde97 bdt-skin-fedara-style-center elementor-widget elementor-widget-bdt-custom-gallery\" data-id=\"72dde97\" data-element_type=\"widget\" data-settings=\"{&quot;columns&quot;:&quot;3&quot;,&quot;columns_tablet&quot;:&quot;2&quot;,&quot;columns_mobile&quot;:&quot;1&quot;}\" data-widget_type=\"bdt-custom-gallery.default\">\n\t\t\t\t<div class=\"elementor-widget-container\">\n\t\t\t\t\t\t\t<div id=\"bdt-custom-gallery-72dde97\" class=\"bdt-custom-gallery bdt-skin-default bdt-grid bdt-grid-small\" data-bdt-scrollspy=\"cls: bdt-animation-scale-up; delay: 300; target: &gt; div &gt; .bdt-custom-gallery-inner;\" data-settings=\"{&quot;id&quot;:&quot;#bdt-custom-gallery-72dde97&quot;,&quot;tiltShow&quot;:false}\">\n\t\t\t\t\t\t<div class=\"bdt-gallery-item bdt-transition-toggle bdt-width-1-1 bdt-width-1-2@s bdt-width-1-3@m\">\n\t\t\t\t<div class=\"bdt-custom-gallery-inner\">\n\n\t\t\t\t\t\n\t\t\t\t\t\n\t\t\t\t\t\t\n\t\t<div class=\"bdt-gallery-thumbnail\">\n\n\t\t\t<img fetchpriority=\"high\" decoding=\"async\" width=\"1280\" height=\"853\" src=\"https:\/\/csiturkey.tr\/wp-content\/uploads\/2025\/02\/2024-Dubai-Club-for-People-of-Determination1.jpeg\" class=\"attachment-full size-full\" alt=\"2024 Dubai Club for People of Determination\" srcset=\"https:\/\/csiturkey.tr\/wp-content\/uploads\/2025\/02\/2024-Dubai-Club-for-People-of-Determination1.jpeg 1280w, https:\/\/csiturkey.tr\/wp-content\/uploads\/2025\/02\/2024-Dubai-Club-for-People-of-Determination1-300x200.jpeg 300w, https:\/\/csiturkey.tr\/wp-content\/uploads\/2025\/02\/2024-Dubai-Club-for-People-of-Determination1-1024x682.jpeg 1024w, https:\/\/csiturkey.tr\/wp-content\/uploads\/2025\/02\/2024-Dubai-Club-for-People-of-Determination1-768x512.jpeg 768w\" sizes=\"(max-width: 1280px) 100vw, 1280px\" \/>\n\t\t<\/div>\n\t\t\t\t<div class=\"bdt-overlay bdt-overlay-default bdt-position-cover bdt-transition-fade\">\n\t\t\t<div class=\"bdt-custom-gallery-content\">\n\t\t\t\t<div class=\"bdt-custom-gallery-content-inner\">\n\n\n\n\t\t\t\t\t\n\t\t\t\t\t\t\t<h3 class=\"bdt-gallery-item-title\t\t\tbdt-transition-slide-top-small\">\n\t\t\t2024 Dubai Azimli \u0130nsanlar Kul\u00fcb\u00fc\t\t<\/h3>\n\t\t\t\t<div class=\"bdt-gallery-item-text bdt-transition-slide-bottom-small\">\n\t\tThani Juma Berregad (Kul\u00fcp Ba\u015fkan\u0131), Thomas Fahrhoefer ve Majid Abdullah Alusaimi (Kul\u00fcp \u0130cra Direkt\u00f6r\u00fc) y\u0131ll\u0131k yaz t\u00f6reninde\t\t<\/div>\n\t\t\n\t\t\t\t<\/div>\n\t\t\t<\/div>\n\t\t<\/div>\n\t\t\n\t\t\t\t\t\t\t\t\t\t<\/div>\n\t\t\t<\/div>\n\n\t\t\t\t\t<div class=\"bdt-gallery-item bdt-transition-toggle bdt-width-1-1 bdt-width-1-2@s bdt-width-1-3@m\">\n\t\t\t\t<div class=\"bdt-custom-gallery-inner\">\n\n\t\t\t\t\t\n\t\t\t\t\t\n\t\t\t\t\t\t\n\t\t<div class=\"bdt-gallery-thumbnail\">\n\n\t\t\t<img decoding=\"async\" width=\"1280\" height=\"853\" src=\"https:\/\/csiturkey.tr\/wp-content\/uploads\/2025\/02\/2024-Dubai-Club-for-People-of-Determination2.jpeg\" class=\"attachment-full size-full\" alt=\"2024 Dubai Club for People of Determination\" srcset=\"https:\/\/csiturkey.tr\/wp-content\/uploads\/2025\/02\/2024-Dubai-Club-for-People-of-Determination2.jpeg 1280w, https:\/\/csiturkey.tr\/wp-content\/uploads\/2025\/02\/2024-Dubai-Club-for-People-of-Determination2-300x200.jpeg 300w, https:\/\/csiturkey.tr\/wp-content\/uploads\/2025\/02\/2024-Dubai-Club-for-People-of-Determination2-1024x682.jpeg 1024w, https:\/\/csiturkey.tr\/wp-content\/uploads\/2025\/02\/2024-Dubai-Club-for-People-of-Determination2-768x512.jpeg 768w\" sizes=\"(max-width: 1280px) 100vw, 1280px\" \/>\n\t\t<\/div>\n\t\t\t\t<div class=\"bdt-overlay bdt-overlay-default bdt-position-cover bdt-transition-fade\">\n\t\t\t<div class=\"bdt-custom-gallery-content\">\n\t\t\t\t<div class=\"bdt-custom-gallery-content-inner\">\n\n\n\n\t\t\t\t\t\n\t\t\t\t\t\t\t<h3 class=\"bdt-gallery-item-title\t\t\tbdt-transition-slide-top-small\">\n\t\t\t2024 Dubai Azimli \u0130nsanlar Kul\u00fcb\u00fc\t\t<\/h3>\n\t\t\t\t<div class=\"bdt-gallery-item-text bdt-transition-slide-bottom-small\">\n\t\tThomas Fahrhoefer ve Hasan Al Mazrouei (Y\u00f6netim Kurulu \u00dcyesi) y\u0131ll\u0131k yaz t\u00f6reninde\t\t<\/div>\n\t\t\n\t\t\t\t<\/div>\n\t\t\t<\/div>\n\t\t<\/div>\n\t\t\n\t\t\t\t\t\t\t\t\t\t<\/div>\n\t\t\t<\/div>\n\n\t\t\t\t\t<div class=\"bdt-gallery-item bdt-transition-toggle bdt-width-1-1 bdt-width-1-2@s bdt-width-1-3@m\">\n\t\t\t\t<div class=\"bdt-custom-gallery-inner\">\n\n\t\t\t\t\t\n\t\t\t\t\t\n\t\t\t\t\t\t\n\t\t<div class=\"bdt-gallery-thumbnail\">\n\n\t\t\t<img decoding=\"async\" width=\"2560\" height=\"1707\" src=\"https:\/\/csiturkey.tr\/wp-content\/uploads\/2025\/02\/DSC09900-scaled-1.jpg\" class=\"attachment-full size-full\" alt=\"2024 Dubai Club for People of Determination\" srcset=\"https:\/\/csiturkey.tr\/wp-content\/uploads\/2025\/02\/DSC09900-scaled-1.jpg 2560w, https:\/\/csiturkey.tr\/wp-content\/uploads\/2025\/02\/DSC09900-scaled-1-300x200.jpg 300w, https:\/\/csiturkey.tr\/wp-content\/uploads\/2025\/02\/DSC09900-scaled-1-1024x683.jpg 1024w, https:\/\/csiturkey.tr\/wp-content\/uploads\/2025\/02\/DSC09900-scaled-1-768x512.jpg 768w, https:\/\/csiturkey.tr\/wp-content\/uploads\/2025\/02\/DSC09900-scaled-1-1536x1024.jpg 1536w, https:\/\/csiturkey.tr\/wp-content\/uploads\/2025\/02\/DSC09900-scaled-1-2048x1366.jpg 2048w\" sizes=\"(max-width: 2560px) 100vw, 2560px\" \/>\n\t\t<\/div>\n\t\t\t\t<div class=\"bdt-overlay bdt-overlay-default bdt-position-cover bdt-transition-fade\">\n\t\t\t<div class=\"bdt-custom-gallery-content\">\n\t\t\t\t<div class=\"bdt-custom-gallery-content-inner\">\n\n\n\n\t\t\t\t\t\n\t\t\t\t\t\t\t<h3 class=\"bdt-gallery-item-title\t\t\tbdt-transition-slide-top-small\">\n\t\t\t2024 Dubai Azimli \u0130nsanlar Kul\u00fcb\u00fc\t\t<\/h3>\n\t\t\t\t<div class=\"bdt-gallery-item-text bdt-transition-slide-bottom-small\">\n\t\tThomas Fahrhoefer, Dubai Azimli \u0130nsanlar Kul\u00fcb\u00fc'n\u00fcn y\u0131ll\u0131k yaz \u00f6d\u00fclleri t\u00f6reninde \u00f6d\u00fclleri takdim etti\t\t<\/div>\n\t\t\n\t\t\t\t<\/div>\n\t\t\t<\/div>\n\t\t<\/div>\n\t\t\n\t\t\t\t\t\t\t\t\t\t<\/div>\n\t\t\t<\/div>\n\n\t\t\t\t\t<div class=\"bdt-gallery-item bdt-transition-toggle bdt-width-1-1 bdt-width-1-2@s bdt-width-1-3@m\">\n\t\t\t\t<div class=\"bdt-custom-gallery-inner\">\n\n\t\t\t\t\t\n\t\t\t\t\t\n\t\t\t\t\t\t\n\t\t<div class=\"bdt-gallery-thumbnail\">\n\n\t\t\t<img loading=\"lazy\" decoding=\"async\" width=\"2560\" height=\"1707\" src=\"https:\/\/csiturkey.tr\/wp-content\/uploads\/2025\/02\/DSC09799-scaled-1-1.jpg\" class=\"attachment-full size-full\" alt=\"2024 Dubai Club for People of Determination\" srcset=\"https:\/\/csiturkey.tr\/wp-content\/uploads\/2025\/02\/DSC09799-scaled-1-1.jpg 2560w, https:\/\/csiturkey.tr\/wp-content\/uploads\/2025\/02\/DSC09799-scaled-1-1-300x200.jpg 300w, https:\/\/csiturkey.tr\/wp-content\/uploads\/2025\/02\/DSC09799-scaled-1-1-1024x683.jpg 1024w, https:\/\/csiturkey.tr\/wp-content\/uploads\/2025\/02\/DSC09799-scaled-1-1-768x512.jpg 768w, https:\/\/csiturkey.tr\/wp-content\/uploads\/2025\/02\/DSC09799-scaled-1-1-1536x1024.jpg 1536w, https:\/\/csiturkey.tr\/wp-content\/uploads\/2025\/02\/DSC09799-scaled-1-1-2048x1366.jpg 2048w\" sizes=\"(max-width: 2560px) 100vw, 2560px\" \/>\n\t\t<\/div>\n\t\t\t\t<div class=\"bdt-overlay bdt-overlay-default bdt-position-cover bdt-transition-fade\">\n\t\t\t<div class=\"bdt-custom-gallery-content\">\n\t\t\t\t<div class=\"bdt-custom-gallery-content-inner\">\n\n\n\n\t\t\t\t\t\n\t\t\t\t\t\t\t<h3 class=\"bdt-gallery-item-title\t\t\tbdt-transition-slide-top-small\">\n\t\t\t2024 Dubai Azimli \u0130nsanlar Kul\u00fcb\u00fc\t\t<\/h3>\n\t\t\t\t<div class=\"bdt-gallery-item-text bdt-transition-slide-bottom-small\">\n\t\tThomas Fahrhoefer, Dubai Azimli \u0130nsanlar Kul\u00fcb\u00fc'n\u00fcn y\u0131ll\u0131k yaz \u00f6d\u00fclleri t\u00f6reninde \u00f6d\u00fclleri takdim etti\t\t<\/div>\n\t\t\n\t\t\t\t<\/div>\n\t\t\t<\/div>\n\t\t<\/div>\n\t\t\n\t\t\t\t\t\t\t\t\t\t<\/div>\n\t\t\t<\/div>\n\n\t\t\t\t\t<div class=\"bdt-gallery-item bdt-transition-toggle bdt-width-1-1 bdt-width-1-2@s bdt-width-1-3@m\">\n\t\t\t\t<div class=\"bdt-custom-gallery-inner\">\n\n\t\t\t\t\t\n\t\t\t\t\t\n\t\t\t\t\t\t\n\t\t<div class=\"bdt-gallery-thumbnail\">\n\n\t\t\t<img loading=\"lazy\" decoding=\"async\" width=\"2560\" height=\"1708\" src=\"https:\/\/csiturkey.tr\/wp-content\/uploads\/2025\/02\/DSC09818-scaled-1.jpg\" class=\"attachment-full size-full\" alt=\"2024 Dubai Club for People of Determination\" srcset=\"https:\/\/csiturkey.tr\/wp-content\/uploads\/2025\/02\/DSC09818-scaled-1.jpg 2560w, https:\/\/csiturkey.tr\/wp-content\/uploads\/2025\/02\/DSC09818-scaled-1-300x200.jpg 300w, https:\/\/csiturkey.tr\/wp-content\/uploads\/2025\/02\/DSC09818-scaled-1-1024x683.jpg 1024w, https:\/\/csiturkey.tr\/wp-content\/uploads\/2025\/02\/DSC09818-scaled-1-768x512.jpg 768w, https:\/\/csiturkey.tr\/wp-content\/uploads\/2025\/02\/DSC09818-scaled-1-1536x1025.jpg 1536w, https:\/\/csiturkey.tr\/wp-content\/uploads\/2025\/02\/DSC09818-scaled-1-2048x1366.jpg 2048w\" sizes=\"(max-width: 2560px) 100vw, 2560px\" \/>\n\t\t<\/div>\n\t\t\t\t<div class=\"bdt-overlay bdt-overlay-default bdt-position-cover bdt-transition-fade\">\n\t\t\t<div class=\"bdt-custom-gallery-content\">\n\t\t\t\t<div class=\"bdt-custom-gallery-content-inner\">\n\n\n\n\t\t\t\t\t\n\t\t\t\t\t\t\t<h3 class=\"bdt-gallery-item-title\t\t\tbdt-transition-slide-top-small\">\n\t\t\t2024 Dubai Azimli \u0130nsanlar Kul\u00fcb\u00fc\t\t<\/h3>\n\t\t\t\t<div class=\"bdt-gallery-item-text bdt-transition-slide-bottom-small\">\n\t\tThomas Fahrhoefer, Dubai Azimli \u0130nsanlar Kul\u00fcb\u00fc'n\u00fcn y\u0131ll\u0131k yaz \u00f6d\u00fclleri t\u00f6reninde \u00f6d\u00fclleri takdim etti\t\t<\/div>\n\t\t\n\t\t\t\t<\/div>\n\t\t\t<\/div>\n\t\t<\/div>\n\t\t\n\t\t\t\t\t\t\t\t\t\t<\/div>\n\t\t\t<\/div>\n\n\t\t\t\t\t<div class=\"bdt-gallery-item bdt-transition-toggle bdt-width-1-1 bdt-width-1-2@s bdt-width-1-3@m\">\n\t\t\t\t<div class=\"bdt-custom-gallery-inner\">\n\n\t\t\t\t\t\n\t\t\t\t\t\n\t\t\t\t\t\t\n\t\t<div class=\"bdt-gallery-thumbnail\">\n\n\t\t\t<img loading=\"lazy\" decoding=\"async\" width=\"2560\" height=\"1708\" src=\"https:\/\/csiturkey.tr\/wp-content\/uploads\/2025\/02\/DSC09830-scaled-1.jpg\" class=\"attachment-full size-full\" alt=\"2024 Dubai Club for People of Determination\" srcset=\"https:\/\/csiturkey.tr\/wp-content\/uploads\/2025\/02\/DSC09830-scaled-1.jpg 2560w, https:\/\/csiturkey.tr\/wp-content\/uploads\/2025\/02\/DSC09830-scaled-1-300x200.jpg 300w, https:\/\/csiturkey.tr\/wp-content\/uploads\/2025\/02\/DSC09830-scaled-1-1024x683.jpg 1024w, https:\/\/csiturkey.tr\/wp-content\/uploads\/2025\/02\/DSC09830-scaled-1-768x512.jpg 768w, https:\/\/csiturkey.tr\/wp-content\/uploads\/2025\/02\/DSC09830-scaled-1-1536x1025.jpg 1536w, https:\/\/csiturkey.tr\/wp-content\/uploads\/2025\/02\/DSC09830-scaled-1-2048x1366.jpg 2048w\" sizes=\"(max-width: 2560px) 100vw, 2560px\" \/>\n\t\t<\/div>\n\t\t\t\t<div class=\"bdt-overlay bdt-overlay-default bdt-position-cover bdt-transition-fade\">\n\t\t\t<div class=\"bdt-custom-gallery-content\">\n\t\t\t\t<div class=\"bdt-custom-gallery-content-inner\">\n\n\n\n\t\t\t\t\t\n\t\t\t\t\t\t\t<h3 class=\"bdt-gallery-item-title\t\t\tbdt-transition-slide-top-small\">\n\t\t\t2024 Dubai Azimli \u0130nsanlar Kul\u00fcb\u00fc\t\t<\/h3>\n\t\t\t\t<div class=\"bdt-gallery-item-text bdt-transition-slide-bottom-small\">\n\t\tThomas Fahrhoefer, Dubai Azimli \u0130nsanlar Kul\u00fcb\u00fc'n\u00fcn y\u0131ll\u0131k yaz \u00f6d\u00fclleri t\u00f6reninde \u00f6d\u00fclleri takdim etti\t\t<\/div>\n\t\t\n\t\t\t\t<\/div>\n\t\t\t<\/div>\n\t\t<\/div>\n\t\t\n\t\t\t\t\t\t\t\t\t\t<\/div>\n\t\t\t<\/div>\n\n\t\t\n\t\t\t\t<\/div>\n\t\t\t\t\t\t<\/div>\n\t\t\t\t<\/div>\n\t\t\t\t\t<\/div>\n\t\t\t\t<\/div>\n\t\t\t\t<\/div>","protected":false},"excerpt":{"rendered":"<p>Medya Merkezi \u0130htiya\u00e7lar\u0131n\u0131z ve Sa\u011fl\u0131\u011f\u0131n\u0131z i\u00e7in Uzman \u00c7\u00f6z\u00fcmler. 2024 Dubai Azimli \u0130nsanlar Kul\u00fcb\u00fc Thani Juma Berregad (Kul\u00fcp Ba\u015fkan\u0131), Thomas Fahrhoefer ve Majid Abdullah Alusaimi (Kul\u00fcp \u0130cra Direkt\u00f6r\u00fc) y\u0131ll\u0131k yaz t\u00f6reninde 2024 Dubai Azimli \u0130nsanlar Kul\u00fcb\u00fc Thomas Fahrhoefer ve Hasan Al Mazrouei (Y\u00f6netim Kurulu \u00dcyesi) [...]<\/p>","protected":false},"author":1,"featured_media":0,"parent":0,"menu_order":0,"comment_status":"closed","ping_status":"closed","template":"","meta":{"pagelayer_contact_templates":[],"_pagelayer_content":"","footnotes":""},"class_list":["post-794","page","type-page","status-publish","hentry"],"_links":{"self":[{"href":"http:\/\/csiturkey.tr\/tr\/wp-json\/wp\/v2\/pages\/794","targetHints":{"allow":["GET"]}}],"collection":[{"href":"http:\/\/csiturkey.tr\/tr\/wp-json\/wp\/v2\/pages"}],"about":[{"href":"http:\/\/csiturkey.tr\/tr\/wp-json\/wp\/v2\/types\/page"}],"author":[{"embeddable":true,"href":"http:\/\/csiturkey.tr\/tr\/wp-json\/wp\/v2\/users\/1"}],"replies":[{"embeddable":true,"href":"http:\/\/csiturkey.tr\/tr\/wp-json\/wp\/v2\/comments?post=794"}],"version-history":[{"count":58,"href":"http:\/\/csiturkey.tr\/tr\/wp-json\/wp\/v2\/pages\/794\/revisions"}],"predecessor-version":[{"id":2247,"href":"http:\/\/csiturkey.tr\/tr\/wp-json\/wp\/v2\/pages\/794\/revisions\/2247"}],"wp:attachment":[{"href":"http:\/\/csiturkey.tr\/tr\/wp-json\/wp\/v2\/media?parent=794"}],"curies":[{"name":"wp","href":"https:\/\/api.w.org\/{rel}","templated":true}]}}