{"id":706,"date":"2025-01-24T11:51:26","date_gmt":"2025-01-24T11:51:26","guid":{"rendered":"https:\/\/csiturkey.tr\/?page_id=706"},"modified":"2025-02-25T05:05:11","modified_gmt":"2025-02-25T05:05:11","slug":"services","status":"publish","type":"page","link":"http:\/\/csiturkey.tr\/tr\/services\/","title":{"rendered":"Hizmetler"},"content":{"rendered":"<div data-elementor-type=\"wp-page\" data-elementor-id=\"706\" class=\"elementor elementor-706\">\n\t\t\t\t<div class=\"elementor-element elementor-element-d433455 e-flex e-con-boxed e-con e-parent\" data-id=\"d433455\" data-element_type=\"container\" data-settings=\"{&quot;background_background&quot;:&quot;classic&quot;}\">\n\t\t\t\t\t<div class=\"e-con-inner\">\n\t\t<div class=\"elementor-element elementor-element-1e483bf e-con-full e-flex e-con e-child\" data-id=\"1e483bf\" data-element_type=\"container\">\n\t\t\t\t<div class=\"elementor-element elementor-element-7783e77 elementor-widget elementor-widget-heading\" data-id=\"7783e77\" data-element_type=\"widget\" data-widget_type=\"heading.default\">\n\t\t\t\t<div class=\"elementor-widget-container\">\n\t\t\t\t\t<h6 class=\"elementor-heading-title elementor-size-default\">Hizmetler<\/h6>\t\t\t\t<\/div>\n\t\t\t\t<\/div>\n\t\t\t\t<div class=\"elementor-element elementor-element-4f0ed24 elementor-widget elementor-widget-heading\" data-id=\"4f0ed24\" data-element_type=\"widget\" data-widget_type=\"heading.default\">\n\t\t\t\t<div class=\"elementor-widget-container\">\n\t\t\t\t\t<h1 class=\"elementor-heading-title elementor-size-default\">\u0130htiya\u00e7lar\u0131n\u0131z ve Sa\u011fl\u0131\u011f\u0131n\u0131z i\u00e7in Uzman \u00c7\u00f6z\u00fcmler.<\/h1>\t\t\t\t<\/div>\n\t\t\t\t<\/div>\n\t\t\t\t<\/div>\n\t\t\t\t\t<\/div>\n\t\t\t\t<\/div>\n\t\t<div class=\"elementor-element elementor-element-b5293f2 e-flex e-con-boxed e-con e-parent\" data-id=\"b5293f2\" data-element_type=\"container\" data-settings=\"{&quot;background_background&quot;:&quot;gradient&quot;}\">\n\t\t\t\t\t<div class=\"e-con-inner\">\n\t\t<div class=\"elementor-element elementor-element-9ddaaf2 e-con-full e-grid e-con e-child\" data-id=\"9ddaaf2\" data-element_type=\"container\">\n\t\t<div class=\"elementor-element elementor-element-b61fa73 e-con-full e-flex e-con e-child\" data-id=\"b61fa73\" data-element_type=\"container\" data-settings=\"{&quot;background_background&quot;:&quot;classic&quot;}\">\n\t\t\t\t<div class=\"elementor-element elementor-element-401f16d elementor-widget elementor-widget-heading\" data-id=\"401f16d\" data-element_type=\"widget\" data-widget_type=\"heading.default\">\n\t\t\t\t<div class=\"elementor-widget-container\">\n\t\t\t\t\t<h6 class=\"elementor-heading-title elementor-size-default\">Hizmetlerimiz<\/h6>\t\t\t\t<\/div>\n\t\t\t\t<\/div>\n\t\t\t\t<div class=\"elementor-element elementor-element-90c17ec elementor-widget elementor-widget-heading\" data-id=\"90c17ec\" data-element_type=\"widget\" data-widget_type=\"heading.default\">\n\t\t\t\t<div class=\"elementor-widget-container\">\n\t\t\t\t\t<h2 class=\"elementor-heading-title elementor-size-default\">Sa\u011fl\u0131\u011f\u0131n\u0131z i\u00e7in Ola\u011fan\u00fcst\u00fc Kayropraktik Bak\u0131m.<\/h2>\t\t\t\t<\/div>\n\t\t\t\t<\/div>\n\t\t\t\t<\/div>\n\t\t\t\t<\/div>\n\t\t<div class=\"elementor-element elementor-element-ae6a44f e-con-full e-grid e-con e-child\" data-id=\"ae6a44f\" data-element_type=\"container\">\n\t\t<div class=\"elementor-element elementor-element-47878ef e-con-full e-flex e-con e-child\" data-id=\"47878ef\" data-element_type=\"container\" data-settings=\"{&quot;background_background&quot;:&quot;classic&quot;}\">\n\t\t\t\t<div class=\"elementor-element elementor-element-fb4c1a2 elementor-view-stacked elementor-position-left elementor-vertical-align-middle elementor-shape-circle elementor-mobile-position-top elementor-widget elementor-widget-icon-box\" data-id=\"fb4c1a2\" data-element_type=\"widget\" data-widget_type=\"icon-box.default\">\n\t\t\t\t<div class=\"elementor-widget-container\">\n\t\t\t\t\t\t\t<div class=\"elementor-icon-box-wrapper\">\n\n\t\t\t\t\t\t<div class=\"elementor-icon-box-icon\">\n\t\t\t\t<span  class=\"elementor-icon\">\n\t\t\t\t<i aria-hidden=\"true\" class=\"icon icon-settings\"><\/i>\t\t\t\t<\/span>\n\t\t\t<\/div>\n\t\t\t\n\t\t\t\t\t\t<div class=\"elementor-icon-box-content\">\n\n\t\t\t\t\t\t\t\t\t<div class=\"elementor-icon-box-title\">\n\t\t\t\t\t\t<span  >\n\t\t\t\t\t\t\tDA\u011eITIM\t\t\t\t\t\t<\/span>\n\t\t\t\t\t<\/div>\n\t\t\t\t\n\t\t\t\t\n\t\t\t<\/div>\n\t\t\t\n\t\t<\/div>\n\t\t\t\t\t\t<\/div>\n\t\t\t\t<\/div>\n\t\t\t\t<div class=\"elementor-element elementor-element-65f965b elementor-widget-divider--view-line elementor-widget elementor-widget-divider\" data-id=\"65f965b\" data-element_type=\"widget\" data-widget_type=\"divider.default\">\n\t\t\t\t<div class=\"elementor-widget-container\">\n\t\t\t\t\t\t\t<div class=\"elementor-divider\">\n\t\t\t<span class=\"elementor-divider-separator\">\n\t\t\t\t\t\t<\/span>\n\t\t<\/div>\n\t\t\t\t\t\t<\/div>\n\t\t\t\t<\/div>\n\t\t\t\t<div class=\"elementor-element elementor-element-ce7562a elementor-widget elementor-widget-heading\" data-id=\"ce7562a\" data-element_type=\"widget\" data-widget_type=\"heading.default\">\n\t\t\t\t<div class=\"elementor-widget-container\">\n\t\t\t\t\t<div class=\"elementor-heading-title elementor-size-default\">CS Grubumuzdaki 25 y\u0131l\u0131 a\u015fk\u0131n sat\u0131\u015f deneyimimizle, t\u0131bbi a\u00e7\u0131dan yenilik\u00e7i \u015firketlere ideal bir pazarlama platformu sunuyoruz. Ulusal ve uluslararas\u0131 sat\u0131\u015f uzmanlar\u0131m\u0131z medikal \u00fcr\u00fcnleri uygun hedef kitlelere profesyonelce ula\u015ft\u0131r\u0131yor.<\/div>\t\t\t\t<\/div>\n\t\t\t\t<\/div>\n\t\t\t\t<\/div>\n\t\t<div class=\"elementor-element elementor-element-2a1a50f e-con-full e-flex e-con e-child\" data-id=\"2a1a50f\" data-element_type=\"container\" data-settings=\"{&quot;background_background&quot;:&quot;classic&quot;}\">\n\t\t\t\t<div class=\"elementor-element elementor-element-8f71347 elementor-view-stacked elementor-position-left elementor-vertical-align-middle elementor-shape-circle elementor-mobile-position-top elementor-widget elementor-widget-icon-box\" data-id=\"8f71347\" data-element_type=\"widget\" data-widget_type=\"icon-box.default\">\n\t\t\t\t<div class=\"elementor-widget-container\">\n\t\t\t\t\t\t\t<div class=\"elementor-icon-box-wrapper\">\n\n\t\t\t\t\t\t<div class=\"elementor-icon-box-icon\">\n\t\t\t\t<span  class=\"elementor-icon\">\n\t\t\t\t<i aria-hidden=\"true\" class=\"icon icon-unlink\"><\/i>\t\t\t\t<\/span>\n\t\t\t<\/div>\n\t\t\t\n\t\t\t\t\t\t<div class=\"elementor-icon-box-content\">\n\n\t\t\t\t\t\t\t\t\t<div class=\"elementor-icon-box-title\">\n\t\t\t\t\t\t<span  >\n\t\t\t\t\t\t\tARA\u015eTIRMA\t\t\t\t\t\t<\/span>\n\t\t\t\t\t<\/div>\n\t\t\t\t\n\t\t\t\t\n\t\t\t<\/div>\n\t\t\t\n\t\t<\/div>\n\t\t\t\t\t\t<\/div>\n\t\t\t\t<\/div>\n\t\t\t\t<div class=\"elementor-element elementor-element-043a714 elementor-widget-divider--view-line elementor-widget elementor-widget-divider\" data-id=\"043a714\" data-element_type=\"widget\" data-widget_type=\"divider.default\">\n\t\t\t\t<div class=\"elementor-widget-container\">\n\t\t\t\t\t\t\t<div class=\"elementor-divider\">\n\t\t\t<span class=\"elementor-divider-separator\">\n\t\t\t\t\t\t<\/span>\n\t\t<\/div>\n\t\t\t\t\t\t<\/div>\n\t\t\t\t<\/div>\n\t\t\t\t<div class=\"elementor-element elementor-element-1467e93 elementor-widget elementor-widget-heading\" data-id=\"1467e93\" data-element_type=\"widget\" data-widget_type=\"heading.default\">\n\t\t\t\t<div class=\"elementor-widget-container\">\n\t\t\t\t\t<div class=\"elementor-heading-title elementor-size-default\">Ara\u015ft\u0131rma ve Geli\u015ftirme (AR-GE) birimimiz, \u00e7e\u015fitli ara\u015ft\u0131rma enstit\u00fcleri ve m\u00fckemmel uzmanlarla yak\u0131n i\u015fbirli\u011fi i\u00e7inde yeni \u00fcr\u00fcn geli\u015ftirmeleri \u00fczerinde \u00e7al\u0131\u015fmaktad\u0131r. Bir\u00e7ok proje Avrupa Birli\u011fi ve Kuzey Ren-Vestfalya eyaleti taraf\u0131ndan desteklenmektedir<\/div>\t\t\t\t<\/div>\n\t\t\t\t<\/div>\n\t\t\t\t<\/div>\n\t\t<div class=\"elementor-element elementor-element-95752b6 e-con-full e-flex e-con e-child\" data-id=\"95752b6\" data-element_type=\"container\" data-settings=\"{&quot;background_background&quot;:&quot;classic&quot;}\">\n\t\t\t\t<div class=\"elementor-element elementor-element-e12d2e8 elementor-view-stacked elementor-position-left elementor-vertical-align-middle elementor-shape-circle elementor-mobile-position-top elementor-widget elementor-widget-icon-box\" data-id=\"e12d2e8\" data-element_type=\"widget\" data-widget_type=\"icon-box.default\">\n\t\t\t\t<div class=\"elementor-widget-container\">\n\t\t\t\t\t\t\t<div class=\"elementor-icon-box-wrapper\">\n\n\t\t\t\t\t\t<div class=\"elementor-icon-box-icon\">\n\t\t\t\t<span  class=\"elementor-icon\">\n\t\t\t\t<i aria-hidden=\"true\" class=\"icon icon-Document-Search\"><\/i>\t\t\t\t<\/span>\n\t\t\t<\/div>\n\t\t\t\n\t\t\t\t\t\t<div class=\"elementor-icon-box-content\">\n\n\t\t\t\t\t\t\t\t\t<div class=\"elementor-icon-box-title\">\n\t\t\t\t\t\t<span  >\n\t\t\t\t\t\t\tONAY\t\t\t\t\t\t<\/span>\n\t\t\t\t\t<\/div>\n\t\t\t\t\n\t\t\t\t\n\t\t\t<\/div>\n\t\t\t\n\t\t<\/div>\n\t\t\t\t\t\t<\/div>\n\t\t\t\t<\/div>\n\t\t\t\t<div class=\"elementor-element elementor-element-32a7a28 elementor-widget-divider--view-line elementor-widget elementor-widget-divider\" data-id=\"32a7a28\" data-element_type=\"widget\" data-widget_type=\"divider.default\">\n\t\t\t\t<div class=\"elementor-widget-container\">\n\t\t\t\t\t\t\t<div class=\"elementor-divider\">\n\t\t\t<span class=\"elementor-divider-separator\">\n\t\t\t\t\t\t<\/span>\n\t\t<\/div>\n\t\t\t\t\t\t<\/div>\n\t\t\t\t<\/div>\n\t\t\t\t<div class=\"elementor-element elementor-element-acf4fef elementor-widget elementor-widget-heading\" data-id=\"acf4fef\" data-element_type=\"widget\" data-widget_type=\"heading.default\">\n\t\t\t\t<div class=\"elementor-widget-container\">\n\t\t\t\t\t<div class=\"elementor-heading-title elementor-size-default\">Deneyimimiz ve a\u011f\u0131m\u0131zla, ila\u00e7 onay s\u00fcrecinde bir\u00e7ok h\u00fck\u00fcmete ve yetkiliye destek veriyoruz. \u00d6zellikle Orta Do\u011fu, BDT b\u00f6lgesi ve Afrika'ya odaklan\u0131yoruz.\n\n<\/div>\t\t\t\t<\/div>\n\t\t\t\t<\/div>\n\t\t\t\t<\/div>\n\t\t<div class=\"elementor-element elementor-element-c2cf356 e-con-full e-flex e-con e-child\" data-id=\"c2cf356\" data-element_type=\"container\" data-settings=\"{&quot;background_background&quot;:&quot;classic&quot;}\">\n\t\t\t\t<div class=\"elementor-element elementor-element-f2d9abd elementor-view-stacked elementor-position-left elementor-vertical-align-middle elementor-shape-circle elementor-mobile-position-top elementor-widget elementor-widget-icon-box\" data-id=\"f2d9abd\" data-element_type=\"widget\" data-widget_type=\"icon-box.default\">\n\t\t\t\t<div class=\"elementor-widget-container\">\n\t\t\t\t\t\t\t<div class=\"elementor-icon-box-wrapper\">\n\n\t\t\t\t\t\t<div class=\"elementor-icon-box-icon\">\n\t\t\t\t<span  class=\"elementor-icon\">\n\t\t\t\t<i aria-hidden=\"true\" class=\"icon icon-light-bulb-1\"><\/i>\t\t\t\t<\/span>\n\t\t\t<\/div>\n\t\t\t\n\t\t\t\t\t\t<div class=\"elementor-icon-box-content\">\n\n\t\t\t\t\t\t\t\t\t<div class=\"elementor-icon-box-title\">\n\t\t\t\t\t\t<span  >\n\t\t\t\t\t\t\tYEN\u0130L\u0130K\t\t\t\t\t\t<\/span>\n\t\t\t\t\t<\/div>\n\t\t\t\t\n\t\t\t\t\n\t\t\t<\/div>\n\t\t\t\n\t\t<\/div>\n\t\t\t\t\t\t<\/div>\n\t\t\t\t<\/div>\n\t\t\t\t<div class=\"elementor-element elementor-element-a294732 elementor-widget-divider--view-line elementor-widget elementor-widget-divider\" data-id=\"a294732\" data-element_type=\"widget\" data-widget_type=\"divider.default\">\n\t\t\t\t<div class=\"elementor-widget-container\">\n\t\t\t\t\t\t\t<div class=\"elementor-divider\">\n\t\t\t<span class=\"elementor-divider-separator\">\n\t\t\t\t\t\t<\/span>\n\t\t<\/div>\n\t\t\t\t\t\t<\/div>\n\t\t\t\t<\/div>\n\t\t\t\t<div class=\"elementor-element elementor-element-15aef08 elementor-widget elementor-widget-heading\" data-id=\"15aef08\" data-element_type=\"widget\" data-widget_type=\"heading.default\">\n\t\t\t\t<div class=\"elementor-widget-container\">\n\t\t\t\t\t<div class=\"elementor-heading-title elementor-size-default\">D\u00fcnyada yeni ve yenilik\u00e7i t\u0131bbi \u00e7\u00f6z\u00fcmler ar\u0131yor ve bunlar\u0131n pazarda yer edinmesine yard\u0131mc\u0131 oluyoruz. Ayr\u0131ca, pratik katma de\u011fer ve benzersiz sat\u0131\u015f noktalar\u0131 elde etmek i\u00e7in \u00fcr\u00fcn ve hizmetler geli\u015ftirmeye devam ediyoruz.<\/div>\t\t\t\t<\/div>\n\t\t\t\t<\/div>\n\t\t\t\t<\/div>\n\t\t<div class=\"elementor-element elementor-element-c3f0c08 e-con-full e-flex e-con e-child\" data-id=\"c3f0c08\" data-element_type=\"container\" data-settings=\"{&quot;background_background&quot;:&quot;classic&quot;}\">\n\t\t\t\t<div class=\"elementor-element elementor-element-a484e7e elementor-view-stacked elementor-position-left elementor-vertical-align-middle elementor-shape-circle elementor-mobile-position-top elementor-widget elementor-widget-icon-box\" data-id=\"a484e7e\" data-element_type=\"widget\" data-widget_type=\"icon-box.default\">\n\t\t\t\t<div class=\"elementor-widget-container\">\n\t\t\t\t\t\t\t<div class=\"elementor-icon-box-wrapper\">\n\n\t\t\t\t\t\t<div class=\"elementor-icon-box-icon\">\n\t\t\t\t<span  class=\"elementor-icon\">\n\t\t\t\t<i aria-hidden=\"true\" class=\"icon icon-globe\"><\/i>\t\t\t\t<\/span>\n\t\t\t<\/div>\n\t\t\t\n\t\t\t\t\t\t<div class=\"elementor-icon-box-content\">\n\n\t\t\t\t\t\t\t\t\t<div class=\"elementor-icon-box-title\">\n\t\t\t\t\t\t<span  >\n\t\t\t\t\t\t\tA\u011e\t\t\t\t\t\t<\/span>\n\t\t\t\t\t<\/div>\n\t\t\t\t\n\t\t\t\t\n\t\t\t<\/div>\n\t\t\t\n\t\t<\/div>\n\t\t\t\t\t\t<\/div>\n\t\t\t\t<\/div>\n\t\t\t\t<div class=\"elementor-element elementor-element-67a8880 elementor-widget-divider--view-line elementor-widget elementor-widget-divider\" data-id=\"67a8880\" data-element_type=\"widget\" data-widget_type=\"divider.default\">\n\t\t\t\t<div class=\"elementor-widget-container\">\n\t\t\t\t\t\t\t<div class=\"elementor-divider\">\n\t\t\t<span class=\"elementor-divider-separator\">\n\t\t\t\t\t\t<\/span>\n\t\t<\/div>\n\t\t\t\t\t\t<\/div>\n\t\t\t\t<\/div>\n\t\t\t\t<div class=\"elementor-element elementor-element-6ed82b5 elementor-widget elementor-widget-heading\" data-id=\"6ed82b5\" data-element_type=\"widget\" data-widget_type=\"heading.default\">\n\t\t\t\t<div class=\"elementor-widget-container\">\n\t\t\t\t\t<div class=\"elementor-heading-title elementor-size-default\">Sa\u011fl\u0131k ve ila\u00e7 sekt\u00f6rlerinde uzun y\u0131llard\u0131r faaliyet g\u00f6stermemiz sayesinde birinci s\u0131n\u0131f ve son derece profesyonel bir a\u011fa sahibiz. G\u00fcven ruhu i\u00e7inde birlikte \u00e7al\u0131\u015farak, hastalar\u0131m\u0131z\u0131n yarar\u0131 i\u00e7in t\u00fcm i\u015fbirliklerini g\u00fc\u00e7lendiriyoruz.\n\n<\/div>\t\t\t\t<\/div>\n\t\t\t\t<\/div>\n\t\t\t\t<\/div>\n\t\t<div class=\"elementor-element elementor-element-4277637 e-con-full e-flex e-con e-child\" data-id=\"4277637\" data-element_type=\"container\" data-settings=\"{&quot;background_background&quot;:&quot;classic&quot;}\">\n\t\t\t\t<div class=\"elementor-element elementor-element-82a6a2a elementor-view-stacked elementor-position-left elementor-vertical-align-middle elementor-shape-circle elementor-mobile-position-top elementor-widget elementor-widget-icon-box\" data-id=\"82a6a2a\" data-element_type=\"widget\" data-widget_type=\"icon-box.default\">\n\t\t\t\t<div class=\"elementor-widget-container\">\n\t\t\t\t\t\t\t<div class=\"elementor-icon-box-wrapper\">\n\n\t\t\t\t\t\t<div class=\"elementor-icon-box-icon\">\n\t\t\t\t<span  class=\"elementor-icon\">\n\t\t\t\t<i aria-hidden=\"true\" class=\"icon icon-Rating\"><\/i>\t\t\t\t<\/span>\n\t\t\t<\/div>\n\t\t\t\n\t\t\t\t\t\t<div class=\"elementor-icon-box-content\">\n\n\t\t\t\t\t\t\t\t\t<div class=\"elementor-icon-box-title\">\n\t\t\t\t\t\t<span  >\n\t\t\t\t\t\t\tBA\u015eVURU\t\t\t\t\t\t<\/span>\n\t\t\t\t\t<\/div>\n\t\t\t\t\n\t\t\t\t\n\t\t\t<\/div>\n\t\t\t\n\t\t<\/div>\n\t\t\t\t\t\t<\/div>\n\t\t\t\t<\/div>\n\t\t\t\t<div class=\"elementor-element elementor-element-fbf60e7 elementor-widget-divider--view-line elementor-widget elementor-widget-divider\" data-id=\"fbf60e7\" data-element_type=\"widget\" data-widget_type=\"divider.default\">\n\t\t\t\t<div class=\"elementor-widget-container\">\n\t\t\t\t\t\t\t<div class=\"elementor-divider\">\n\t\t\t<span class=\"elementor-divider-separator\">\n\t\t\t\t\t\t<\/span>\n\t\t<\/div>\n\t\t\t\t\t\t<\/div>\n\t\t\t\t<\/div>\n\t\t\t\t<div class=\"elementor-element elementor-element-864a63f elementor-widget elementor-widget-heading\" data-id=\"864a63f\" data-element_type=\"widget\" data-widget_type=\"heading.default\">\n\t\t\t\t<div class=\"elementor-widget-container\">\n\t\t\t\t\t<div class=\"elementor-heading-title elementor-size-default\">Yeni \u00fcr\u00fcnler, optimum \u00fcr\u00fcn kullan\u0131m\u0131 i\u00e7in yetenekli kullan\u0131ma ihtiya\u00e7 duyar. Uygulama hizmetimiz, yeni \u00fcr\u00fcnlerin kullan\u0131m \u00f6ncesinde, kullan\u0131m s\u0131ras\u0131nda ve bak\u0131m sonras\u0131nda tan\u0131t\u0131lmas\u0131n\u0131 destekler.\n\n<\/div>\t\t\t\t<\/div>\n\t\t\t\t<\/div>\n\t\t\t\t<\/div>\n\t\t\t\t<\/div>\n\t\t\t\t\t<\/div>\n\t\t\t\t<\/div>\n\t\t\t\t<\/div>","protected":false},"excerpt":{"rendered":"<p>Hizmetler \u0130htiya\u00e7lar\u0131n\u0131z ve Sa\u011fl\u0131\u011f\u0131n\u0131z i\u00e7in Uzman \u00c7\u00f6z\u00fcmler. Hizmetlerimiz Sa\u011fl\u0131\u011f\u0131n\u0131z i\u00e7in Ola\u011fan\u00fcst\u00fc Kayropraktik Bak\u0131m. DA\u011eITIM CS Grubumuzdaki 25 y\u0131l\u0131 a\u015fk\u0131n sat\u0131\u015f deneyimimizle, t\u0131bbi a\u00e7\u0131dan yenilik\u00e7i \u015firketlere ideal bir pazarlama platformu sunuyoruz. Ulusal ve uluslararas\u0131 sat\u0131\u015f uzmanlar\u0131m\u0131z medikal \u00fcr\u00fcnleri uygun hedef kitlelere profesyonelce ula\u015ft\u0131rmaktad\u0131r. ARA\u015eTIRMA Ara\u015ft\u0131rmalar\u0131m\u0131z [...]<\/p>","protected":false},"author":1,"featured_media":0,"parent":0,"menu_order":0,"comment_status":"closed","ping_status":"closed","template":"","meta":{"pagelayer_contact_templates":[],"_pagelayer_content":"","footnotes":""},"class_list":["post-706","page","type-page","status-publish","hentry"],"_links":{"self":[{"href":"http:\/\/csiturkey.tr\/tr\/wp-json\/wp\/v2\/pages\/706","targetHints":{"allow":["GET"]}}],"collection":[{"href":"http:\/\/csiturkey.tr\/tr\/wp-json\/wp\/v2\/pages"}],"about":[{"href":"http:\/\/csiturkey.tr\/tr\/wp-json\/wp\/v2\/types\/page"}],"author":[{"embeddable":true,"href":"http:\/\/csiturkey.tr\/tr\/wp-json\/wp\/v2\/users\/1"}],"replies":[{"embeddable":true,"href":"http:\/\/csiturkey.tr\/tr\/wp-json\/wp\/v2\/comments?post=706"}],"version-history":[{"count":112,"href":"http:\/\/csiturkey.tr\/tr\/wp-json\/wp\/v2\/pages\/706\/revisions"}],"predecessor-version":[{"id":2345,"href":"http:\/\/csiturkey.tr\/tr\/wp-json\/wp\/v2\/pages\/706\/revisions\/2345"}],"wp:attachment":[{"href":"http:\/\/csiturkey.tr\/tr\/wp-json\/wp\/v2\/media?parent=706"}],"curies":[{"name":"wp","href":"https:\/\/api.w.org\/{rel}","templated":true}]}}